{"id":18461,"date":"2015-02-12T18:26:28","date_gmt":"2015-02-12T18:26:28","guid":{"rendered":"https:\/\/www.anaiscrestin.com\/es\/?page_id=18461"},"modified":"2020-02-22T16:51:53","modified_gmt":"2020-02-22T19:51:53","slug":"biografia","status":"publish","type":"page","link":"https:\/\/www.anaiscrestin.com\/es\/biografia\/","title":{"rendered":"BIOGRAFIA"},"content":{"rendered":"\t\t<div data-elementor-type=\"wp-page\" data-elementor-id=\"18461\" class=\"elementor elementor-18461\">\n\t\t\t\t\t\t<section class=\"elementor-section elementor-top-section elementor-element elementor-element-3ad8e421 elementor-section-height-min-height animated-slow elementor-section-boxed elementor-section-height-default elementor-section-items-middle\" data-id=\"3ad8e421\" data-element_type=\"section\" data-e-type=\"section\" data-settings=\"{&quot;animation&quot;:&quot;none&quot;}\">\n\t\t\t\t\t\t<div class=\"elementor-container elementor-column-gap-default\">\n\t\t\t\t\t<div class=\"elementor-column elementor-col-100 elementor-top-column elementor-element elementor-element-79e6f5e8\" data-id=\"79e6f5e8\" data-element_type=\"column\" data-e-type=\"column\">\n\t\t\t<div class=\"elementor-widget-wrap elementor-element-populated\">\n\t\t\t\t\t\t<div class=\"elementor-element elementor-element-ceeca86 elementor-widget elementor-widget-video\" data-id=\"ceeca86\" data-element_type=\"widget\" data-e-type=\"widget\" data-settings=\"{&quot;youtube_url&quot;:&quot;https:\\\/\\\/youtu.be\\\/eAIehlx3OSs&quot;,&quot;video_type&quot;:&quot;youtube&quot;,&quot;controls&quot;:&quot;yes&quot;}\" data-widget_type=\"video.default\">\n\t\t\t\t<div class=\"elementor-widget-container\">\n\t\t\t\t\t\t\t<div class=\"elementor-wrapper elementor-open-inline\">\n\t\t\t<div class=\"elementor-video\"><\/div>\t\t<\/div>\n\t\t\t\t\t\t<\/div>\n\t\t\t\t<\/div>\n\t\t\t\t<div class=\"elementor-element elementor-element-72c8c124 animated-slow elementor-widget elementor-widget-text-editor\" data-id=\"72c8c124\" data-element_type=\"widget\" data-e-type=\"widget\" data-settings=\"{&quot;_animation&quot;:&quot;none&quot;}\" data-widget_type=\"text-editor.default\">\n\t\t\t\t<div class=\"elementor-widget-container\">\n\t\t\t\t\t\t\t\t\t<p><em>D<\/em><em>e peque\u00f1a dio su primer concierto en el Conservatorio de su ciudad, ten\u00eda siete a\u00f1os. Y desde aquel momento supo que el piano ser\u00eda parte de su vida, de su felicidad<\/em>.<\/p>\n<p>Ana\u00efs Crestin naci\u00f3 en la regi\u00f3n de la Vandea, Francia. Como solista o acompa\u00f1ando distintas formaciones de m\u00fasica de c\u00e1mara, Ana\u00efs es invitada por varios pa\u00edses de gran tradici\u00f3n musical encantando a su p\u00fablico con su estilo personal en las interpretaciones. Distintas escenas del mundo entero la han visto tocar con maestr\u00eda: Francia, Alemania, Reino Unido, Suiza, Grecia, Argentina, Brasil, Bolivia, Colombia, Ecuador, Uruguay, Chile.<\/p>\n<p>Es curiosa, original.\u00a0 Comparte con su p\u00fablico obras que jam\u00e1s han sido interpretadas. En ello tiene una gran exclusividad. Varias obras le han sido dedicadas por j\u00f3venes compositores.<\/p>\n<p>A los 16 a\u00f1os obtuvo su diploma en estudios musicales en su ciudad.\u00a0<\/p>\n<p>El profesor de piano, Denis Pascal, sorprendido por su habilidad pian\u00edstica, la invita a que siga sus cursos en el Conservatorio de Rueil-Malmaison, para luego llegar a Par\u00eds, al Conservatorio Superior\u00a0 y posteriormente a\u00a0 Alemania.<\/p>\n<p>Tuvo destacados profesores: en la Escuela Nacional de M\u00fasica de La Roche sur Yon: Knut Jacques; en los\u00a0 Conservatorios de Par\u00eds: Denis Pascal, Jean Claude Henriot, Anik\u00f3 Szegedi, en Alemania, Jean-Efflam Bavouzet.<\/p>\n<p>En el a\u00f1o 1999 gana la medalla del concurso Chopin de la ciudad de Brest.<\/p>\n<p>Obtuvo varias becas, se destacan : Becas de m\u00e9rito de Lion, DAAD y GFF.<\/p>\n<p>En el a\u00f1o 2006, se instala en Argentina. Y all\u00ed descubre la m\u00fasica de los grandes compositores latinoamericanos. Al principio trabaj\u00f3 como pianista del coro estable del teatro Col\u00f3n, posteriormente como maestra interna y pianista de la Filarm\u00f3nica del prestigioso teatro.<\/p>\n<p>Y como bienvenida, Crestin recibe el primer premio del concurso del compositor argentino Alberto Ginastera, en el a\u00f1o de su llegada.<\/p>\n<p>En el a\u00f1o 2012 y en el 2015 hizo una gira con el Cuarteto Gianneo por Argentina interpretando como estrenos latinoamericano el Quinteto para piano y cuerdas n\u00famero 2 de Grazyna Bacewicz y el Quinteto para piano y cuerdas en sol menor opus 34 de Juliusz Zarebski.<\/p>\n<p>En el a\u00f1o 2015 es invitada como Presidente de Jurado del concurso de piano \u201c Festival de pianistas\u201d en la Scala de San Telmo, Buenos Aires.<\/p>\n<p>En el a\u00f1o 2018 fue nominada por su CD \u201cBajo templado\u201d, al premio Gardel.<\/p>\n<p>Su camino se hace al andar, y ese tejido entre culturas y pa\u00edses la llevan a un descubrimiento permanente. Form\u00f3 parte de la Filarm\u00f3nica de Buenos Aires, de la Orquesta Nacional de M\u00fasica Argentina, de la Orquesta Sinf\u00f3nico Nacional de Argentina, de la Orquesta del festival Guadalquivir de Bolivia, as\u00ed como, en su \u00e9poca de estudiante, de la Orquesta juvenil de Munich, Alemana.<\/p>\n<p>Junto a la destacada pianista, Dora de Marinis, interpreta en Argentina y en Am\u00e9rica Latina, a cuatro manos o con dos pianos.<\/p>\n<p>Es profesora en la UNA ( Universidad de las Artes) y en el Conservatorio de la Ciudad de Buenos Aires.<\/p>\n<p>En Argentina suele estar invitada a tocar en el Teatro Col\u00f3n, en el CCK, en el Festival de Ushuaia, en la Usina del Arte, en el Teatro Gran Rex. En la orquesta de Mendoza, Salta\u2026<\/p>\t\t\t\t\t\t\t\t<\/div>\n\t\t\t\t<\/div>\n\t\t\t\t<section class=\"elementor-section elementor-inner-section elementor-element elementor-element-d62f800 animated-slow elementor-section-boxed elementor-section-height-default elementor-section-height-default\" data-id=\"d62f800\" data-element_type=\"section\" data-e-type=\"section\" data-settings=\"{&quot;animation&quot;:&quot;none&quot;}\">\n\t\t\t\t\t\t<div class=\"elementor-container elementor-column-gap-default\">\n\t\t\t\t\t<div class=\"elementor-column elementor-col-66 elementor-inner-column elementor-element elementor-element-815f507\" data-id=\"815f507\" data-element_type=\"column\" data-e-type=\"column\">\n\t\t\t<div class=\"elementor-widget-wrap elementor-element-populated\">\n\t\t\t\t\t\t<div class=\"elementor-element elementor-element-773be9b elementor-widget elementor-widget-image\" data-id=\"773be9b\" data-element_type=\"widget\" data-e-type=\"widget\" data-widget_type=\"image.default\">\n\t\t\t\t<div class=\"elementor-widget-container\">\n\t\t\t\t\t\t\t\t\t\t\t\t\t\t\t<img fetchpriority=\"high\" decoding=\"async\" width=\"650\" height=\"442\" src=\"https:\/\/www.anaiscrestin.com\/es\/wp-content\/uploads\/sites\/3\/2019\/11\/about_nueva-1024x696.jpg\" class=\"attachment-large size-large wp-image-18609\" alt=\"About\" srcset=\"https:\/\/www.anaiscrestin.com\/es\/wp-content\/uploads\/sites\/3\/2019\/11\/about_nueva-1024x696.jpg 1024w, https:\/\/www.anaiscrestin.com\/es\/wp-content\/uploads\/sites\/3\/2019\/11\/about_nueva-300x204.jpg 300w, https:\/\/www.anaiscrestin.com\/es\/wp-content\/uploads\/sites\/3\/2019\/11\/about_nueva.jpg 1920w\" sizes=\"(max-width: 650px) 100vw, 650px\" \/>\t\t\t\t\t\t\t\t\t\t\t\t\t\t\t<\/div>\n\t\t\t\t<\/div>\n\t\t\t\t\t<\/div>\n\t\t<\/div>\n\t\t\t\t<div class=\"elementor-column elementor-col-33 elementor-inner-column elementor-element elementor-element-fd287d5\" data-id=\"fd287d5\" data-element_type=\"column\" data-e-type=\"column\">\n\t\t\t<div class=\"elementor-widget-wrap elementor-element-populated\">\n\t\t\t\t\t\t<div class=\"elementor-element elementor-element-481744a animated-slow elementor-widget elementor-widget-text-editor\" data-id=\"481744a\" data-element_type=\"widget\" data-e-type=\"widget\" data-settings=\"{&quot;_animation&quot;:&quot;none&quot;}\" data-widget_type=\"text-editor.default\">\n\t\t\t\t<div class=\"elementor-widget-container\">\n\t\t\t\t\t\t\t\t\t<p><\/p>\n<p>En sus giras la acompa\u00f1an distintos m\u00fasicos destacados y reconocidos en el \u00e1mbito internacional: Oph\u00e9lie Gaillard, Estelle Revaz y Matias Villafa\u00f1e en violoncelo, Sophie Klussmann en canto, Claude Delange en saxof\u00f3n, Carlos C\u00e9spedes, Luis Rossi y Ronald Van Spaendonck en clarinete, Sarah Rumer, Julien Szulman en viol\u00edn.\u00a0<\/p>\n<p>En el 2020 ser\u00e1 la directora del Festival Internacional Beethoven junto a Dora de Marinis.<\/p>\n<p>La cr\u00edtica dice sobre ella:<br \/>\u00ab\u00a0 El piano de la Yonesa hace vibrar a los Argentinos. la pianista Anais Crestin es una de las pianistas m\u00e1s solicitadas de Argentina \u00bb\u00a0 OUEST FRANCE<\/p>\n<p>\u00ab Una int\u00e9rprete de calidad, Ana\u00efs Crestin muestra estilo, seguridad y transparencia. \u00bb\u00a0ACMA<\/p>\n<p><\/p>\t\t\t\t\t\t\t\t<\/div>\n\t\t\t\t<\/div>\n\t\t\t\t\t<\/div>\n\t\t<\/div>\n\t\t\t\t\t<\/div>\n\t\t<\/section>\n\t\t\t\t\t<\/div>\n\t\t<\/div>\n\t\t\t\t\t<\/div>\n\t\t<\/section>\n\t\t\t\t<\/div>\n\t\t","protected":false},"excerpt":{"rendered":"<p>https:\/\/youtu.be\/eAIehlx3OSs De peque\u00f1a dio su primer concierto en el Conservatorio de su ciudad, ten\u00eda siete a\u00f1os. Y desde aquel momento supo que el piano ser\u00eda parte de su vida, de su felicidad. Ana\u00efs Crestin naci\u00f3 en la regi\u00f3n de la Vandea, Francia. Como solista o acompa\u00f1ando distintas formaciones de m\u00fasica de c\u00e1mara, Ana\u00efs es invitada [&hellip;]<\/p>\n","protected":false},"author":1,"featured_media":0,"parent":0,"menu_order":0,"comment_status":"closed","ping_status":"closed","template":"","meta":{"footnotes":""},"class_list":["post-18461","page","type-page","status-publish","hentry","post"],"_links":{"self":[{"href":"https:\/\/www.anaiscrestin.com\/es\/wp-json\/wp\/v2\/pages\/18461","targetHints":{"allow":["GET"]}}],"collection":[{"href":"https:\/\/www.anaiscrestin.com\/es\/wp-json\/wp\/v2\/pages"}],"about":[{"href":"https:\/\/www.anaiscrestin.com\/es\/wp-json\/wp\/v2\/types\/page"}],"author":[{"embeddable":true,"href":"https:\/\/www.anaiscrestin.com\/es\/wp-json\/wp\/v2\/users\/1"}],"replies":[{"embeddable":true,"href":"https:\/\/www.anaiscrestin.com\/es\/wp-json\/wp\/v2\/comments?post=18461"}],"version-history":[{"count":48,"href":"https:\/\/www.anaiscrestin.com\/es\/wp-json\/wp\/v2\/pages\/18461\/revisions"}],"predecessor-version":[{"id":19462,"href":"https:\/\/www.anaiscrestin.com\/es\/wp-json\/wp\/v2\/pages\/18461\/revisions\/19462"}],"wp:attachment":[{"href":"https:\/\/www.anaiscrestin.com\/es\/wp-json\/wp\/v2\/media?parent=18461"}],"curies":[{"name":"wp","href":"https:\/\/api.w.org\/{rel}","templated":true}]}}