{"id":19073,"date":"2019-11-28T12:45:37","date_gmt":"2019-11-28T15:45:37","guid":{"rendered":"https:\/\/www.anaiscrestin.com\/es\/?page_id=19073"},"modified":"2020-03-03T11:42:17","modified_gmt":"2020-03-03T14:42:17","slug":"2019-2","status":"publish","type":"page","link":"https:\/\/www.anaiscrestin.com\/es\/2019-2\/","title":{"rendered":"2019"},"content":{"rendered":"\t\t<div data-elementor-type=\"wp-page\" data-elementor-id=\"19073\" class=\"elementor elementor-19073\">\n\t\t\t\t\t\t<section class=\"elementor-section elementor-top-section elementor-element elementor-element-11e4ab8 animated-slow elementor-section-boxed elementor-section-height-default elementor-section-height-default\" data-id=\"11e4ab8\" data-element_type=\"section\" data-e-type=\"section\" data-settings=\"{&quot;animation&quot;:&quot;none&quot;}\">\n\t\t\t\t\t\t<div class=\"elementor-container elementor-column-gap-default\">\n\t\t\t\t\t<div class=\"elementor-column elementor-col-100 elementor-top-column elementor-element elementor-element-3a605ac\" data-id=\"3a605ac\" data-element_type=\"column\" data-e-type=\"column\">\n\t\t\t<div class=\"elementor-widget-wrap elementor-element-populated\">\n\t\t\t\t\t\t<section class=\"elementor-section elementor-inner-section elementor-element elementor-element-7141165 elementor-section-boxed elementor-section-height-default elementor-section-height-default\" data-id=\"7141165\" data-element_type=\"section\" data-e-type=\"section\">\n\t\t\t\t\t\t<div class=\"elementor-container elementor-column-gap-default\">\n\t\t\t\t\t<div class=\"elementor-column elementor-col-50 elementor-inner-column elementor-element elementor-element-f02e373\" data-id=\"f02e373\" data-element_type=\"column\" data-e-type=\"column\">\n\t\t\t<div class=\"elementor-widget-wrap elementor-element-populated\">\n\t\t\t\t\t\t<div class=\"elementor-element elementor-element-9437182 elementor-widget elementor-widget-text-editor\" data-id=\"9437182\" data-element_type=\"widget\" data-e-type=\"widget\" data-settings=\"{&quot;_animation&quot;:&quot;none&quot;}\" data-widget_type=\"text-editor.default\">\n\t\t\t\t<div class=\"elementor-widget-container\">\n\t\t\t\t\t\t\t\t\t<p><\/p>\n<p style=\"color: #388b8b;\"><span style=\"font-family: Roboto; font-size: 12pt;\">17.03.19 BUENOS AIRES<\/span><br \/><span style=\"color: #7a7a7a; font-family: Roboto; font-size: 12pt;\">Usina del Arte<\/span><br \/><span style=\"color: #7a7a7a; font-family: Roboto; font-size: 12pt;\"><strong>DUO DE PIANO<\/strong><\/span><br \/><span style=\"color: #7a7a7a; font-family: Roboto; font-size: 12pt;\">con Dora De Marinis<\/span><br \/><span style=\"color: #7a7a7a; font-family: Roboto; font-size: 12pt;\">Mozart, Dvorak, Debussy, Poulenc and Faur\u00e9<\/span><br \/><span style=\"font-family: Roboto; font-size: 12pt;\"><a href=\"https:\/\/www.buenosaires.gob.ar\/cultura\/usina-del-arte\/dora-de-marinis-anais-crestin\">INFO<\/a><\/span><\/p>\n<p><span style=\"font-family: Roboto; font-size: 12pt;\"><\/span><\/p>\n<p style=\"color: #388b8b;\"><span style=\"font-family: Roboto; font-size: 12pt;\">31.03.19 BUENOS AIRES<\/span><br \/><span style=\"color: #7a7a7a; font-family: Roboto; font-size: 12pt;\">Museo de Arte hispanoamericano Isaac Fernandez Blanco<\/span><br \/><span style=\"color: #7a7a7a; font-family: Roboto; font-size: 12pt;\"><strong>TRIO SVP<\/strong><\/span><br \/><span style=\"color: #7a7a7a; font-family: Roboto; font-size: 12pt;\">con Diego Nu\u00f1ez, Saxof\u00f3n y Julio Dominguez, Violin<\/span><br \/><span style=\"color: #7a7a7a; font-family: Roboto; font-size: 12pt;\">Ferk, Iturralde, Debussy y Eychenne<\/span><br \/><span style=\"color: #7a7a7a; font-family: Roboto; font-size: 12pt;\">Concierto auspiciado por: Tow Especialistas en Vientos<\/span><br \/><span style=\"font-family: Roboto; font-size: 12pt;\"><a href=\"https:\/\/www.towsa.com\">https:\/\/www.towsa.com<\/a><\/span><br \/><span style=\"font-family: Roboto; font-size: 12pt;\"><a href=\"http:\/\/ https:\/\/www.facebook.com\/museofernandezb\/\">INFO<\/a><\/span><\/p>\n<p><span style=\"font-family: Roboto; font-size: 12pt;\"><\/span><\/p>\n<p style=\"color: #388b8b;\"><span style=\"font-family: Roboto; font-size: 12pt;\">11.04.19 PARAN\u00c1<\/span><br \/><span style=\"color: #7a7a7a; font-family: Roboto; font-size: 12pt;\">Teatro 3 de Febrero<\/span><br \/><span style=\"color: #7a7a7a; font-family: Roboto; font-size: 12pt;\"><strong>TRIO SVP<br \/><\/strong>con Diego Nu\u00f1ez, saxof\u00f3n y Julio Dominguez, Violin<\/span><br \/><span style=\"color: #7a7a7a; font-family: Roboto; font-size: 12pt;\">Ferk, Iturralde, Debussy y Eychenne<\/span><br \/><span style=\"color: #7a7a7a; font-family: Roboto; font-size: 12pt;\">Concierto organizado por \u00ab\u00a0Asociaci\u00f3n Mariano Moreno de Paran\u00e1\u00a0\u00bb y auspiciado por \u00ab\u00a0Municipalidad de Paran\u00e1\u00a0\u00bb y \u00ab\u00a0Secretaria de cultura\u00a0\u00bb<\/span><br \/><span style=\"font-family: Roboto; font-size: 12pt;\"><a href=\"http:\/\/ https:\/\/www.facebook.com\/asociacionmarianomoreno\/\">INFO<\/a><\/span><\/p>\n<p><span style=\"font-family: Roboto; font-size: 12pt;\"><\/span><\/p>\n<p style=\"color: #388b8b;\"><span style=\"font-family: Roboto; font-size: 12pt;\">13.04.19 VICENTE LOPEZ<\/span><br \/><span style=\"color: #7a7a7a; font-family: Roboto; font-size: 12pt;\">Museo R\u00f3mulo Raggio, Gaspar campos 861, Vicente Lopez<\/span><br \/><span style=\"color: #7a7a7a; font-family: Roboto; font-size: 12pt;\"><strong>DUO DE PIANO<\/strong><\/span><br \/><span style=\"color: #7a7a7a; font-family: Roboto; font-size: 12pt;\">con Dora De Marinis<\/span><br \/><span style=\"color: #7a7a7a; font-family: Roboto; font-size: 12pt;\">Mozart, Dvorak, Debussy, Poulenc y Faur\u00e9<\/span><br \/><span style=\"font-family: Roboto; font-size: 12pt;\"><a href=\"http:\/\/www.fund-romuloraggio.org.ar\">INFO<\/a><\/span><\/p>\n<p><span style=\"font-family: Roboto; font-size: 12pt;\"><\/span><\/p>\n<p style=\"color: #388b8b;\"><span style=\"font-family: Roboto; font-size: 12pt;\">26.04.19 BUENOS AIRES<\/span><br \/><span style=\"color: #7a7a7a; font-family: Roboto; font-size: 12pt;\">Museo de Arte hispanoamericano Isaac Fernandez Blanco<\/span><br \/><span style=\"color: #7a7a7a; font-family: Roboto; font-size: 12pt;\"><strong>DUO DE CELLO Y PIANO<\/strong><\/span><br \/><span style=\"color: #7a7a7a; font-family: Roboto; font-size: 12pt;\">con Estelle Revaz<\/span><br \/><span style=\"color: #7a7a7a; font-family: Roboto; font-size: 12pt;\">Programa: \u00abInspiration populaire\u00bb<\/span><br \/><span style=\"color: #7a7a7a; font-family: Roboto; font-size: 12pt;\">Schumann, De Falla, Ginastera y Popper<\/span><br \/><span style=\"color: #7a7a7a; font-family: Roboto; font-size: 12pt;\">Concierto auspiciado por Asociaci\u00f3n Argentino-Austriaca<\/span><br \/><span style=\"font-family: Roboto; font-size: 12pt;\"><a href=\"https:\/\/www.facebook.com\/museofernandezb\/\">INFO<\/a><\/span><\/p>\n<p><span style=\"font-family: Roboto; font-size: 12pt;\"><\/span><\/p>\n<p style=\"color: #388b8b;\"><span style=\"font-family: Roboto; font-size: 12pt;\">27.04.19 CITY BELL<\/span><br \/><span style=\"font-size: 12pt; font-family: Roboto;\"><span style=\"color: #7a7a7a;\"><span lang=\"FR\">Teatro de C\u00e1mara de City Bell<br \/><\/span><strong>CELLO Y PIANO<\/strong><\/span><br \/><span style=\"color: #7a7a7a;\">con Estelle Revaz<\/span><br \/><span style=\"color: #7a7a7a;\">Programa: \u00abInspiration populaire\u00bb<\/span><br \/><span style=\"color: #7a7a7a;\"><span lang=\"ES-TRAD\">Schumann, De Falla, Ginastera <\/span><span lang=\"FR\">y<\/span><\/span><span lang=\"ES-TRAD\"><span style=\"color: #7a7a7a;\"> Popper<\/span><br \/><\/span><a href=\"http:\/\/lumenartis.org https:\/\/www.eventbrite.com.ar\/e\/admirables-interpretes-en-cello-y-piano-estelle-revaz-y-anais-crestin-tickets-60608815599\">INFO<\/a><\/span><br \/><span style=\"font-size: 12pt; color: #388b8b; font-family: Roboto;\">lumenartis.org<\/span><\/p>\n<p><span style=\"font-family: Roboto; font-size: 12pt;\"><\/span><\/p>\n<p style=\"color: #388b8b;\"><span style=\"font-family: Roboto; font-size: 12pt;\">28.04.19 <span style=\"color: #388b8b;\">BUENOS<\/span> AIRES<\/span><br \/><span style=\"color: #7a7a7a; font-family: Roboto; font-size: 12pt;\">CCK, Sarmiento 151<\/span><br \/><span style=\"color: #7a7a7a; font-family: Roboto; font-size: 12pt;\"><strong>CELLO Y PIANO<\/strong><\/span><br \/><span style=\"color: #7a7a7a; font-family: Roboto; font-size: 12pt;\">con Estelle Revaz<\/span><br \/><span style=\"color: #7a7a7a; font-family: Roboto; font-size: 12pt;\">Programa: \u00abInspiration populaire\u00bb<\/span><br \/><span style=\"color: #7a7a7a; font-family: Roboto; font-size: 12pt;\">Schumann, De Falla, Ginastera y Popper<\/span><\/p>\n<p><span style=\"font-family: Roboto; font-size: 12pt;\"><\/span><\/p>\n<p style=\"color: #388b8b;\"><span style=\"font-family: Roboto; font-size: 12pt;\">26.05.19 COPPET<\/span><br \/><span style=\"color: #7a7a7a; font-family: Roboto; font-size: 12pt;\">Ch\u00e2teau de Coppet, Suiza<\/span><br \/><span style=\"color: #7a7a7a; font-family: Roboto; font-size: 12pt;\"><strong>TRIO FLUTE, CELLO Y PIANO<\/strong><\/span><br \/><span style=\"color: #7a7a7a; font-family: Roboto; font-size: 12pt;\">con Sarah Rumor y Anmari Joubert van der Westhuizen<\/span><br \/><span style=\"color: #7a7a7a; font-family: Roboto; font-size: 12pt;\">Weber, Haydn y Piazzolla<\/span><br \/><span style=\"font-family: Roboto; font-size: 12pt;\"><a href=\"https:\/\/rencontrescoppet.ch\/event\/schubertiade2019\/\">INFO<\/a><\/span><\/p>\n<p><span style=\"font-family: Roboto; font-size: 12pt;\"><\/span><\/p>\n<p style=\"color: #388b8b;\"><span style=\"font-family: Roboto; font-size: 12pt;\">9.06.19 BAD DOBERAN<\/span><br \/><span style=\"color: #7a7a7a; font-family: Roboto; font-size: 12pt;\">Grand Hotel Resort Heiligendamm, Bad Doberan, Germany<\/span><br \/><span style=\"color: #7a7a7a; font-family: Roboto; font-size: 12pt;\"><strong>CELLO Y PIANO<\/strong><\/span><br \/><span style=\"color: #7a7a7a; font-family: Roboto; font-size: 12pt;\">con Estelle Revaz<\/span><br \/><span style=\"color: #7a7a7a; font-family: Roboto; font-size: 12pt;\">Programa: \u00abInspiration populaire\u00bb<\/span><br \/><span style=\"color: #7a7a7a; font-family: Roboto; font-size: 12pt;\">Schumann, De Falla, Ginastera y Popper<\/span><\/p>\n<p><span style=\"font-family: Roboto; font-size: 12pt;\"><\/span><\/p>\n<p style=\"color: #388b8b;\"><span style=\"font-family: Roboto; font-size: 12pt;\">10.06.19 HAMBURG<\/span><br \/><span style=\"color: #7a7a7a; font-family: Roboto; font-size: 12pt;\">Burg Henneberg, Hamburgo, Germany<\/span><br \/><span style=\"color: #7a7a7a; font-family: Roboto; font-size: 12pt;\"><strong>CELLO Y PIANO<\/strong><\/span><br \/><span style=\"color: #7a7a7a; font-family: Roboto; font-size: 12pt;\">con Estelle Revaz<\/span><br \/><span style=\"color: #7a7a7a; font-family: Roboto; font-size: 12pt;\">Programa: \u00abInspiration populaire\u00bb<\/span><br \/><span style=\"color: #7a7a7a; font-family: Roboto; font-size: 12pt;\">Schumann, De Falla, Ginastera y Popper<\/span><\/p>\n<p><span style=\"font-family: Roboto; font-size: 12pt;\"><\/span><\/p>\n<p style=\"color: #388b8b;\"><span style=\"font-family: Roboto; font-size: 12pt;\">22.06.19 BRUSSELS<\/span><br \/><span style=\"color: #7a7a7a; font-family: Roboto; font-size: 12pt;\">Duray\u2019s Concert, Bruselas, B\u00e9lgica<\/span><br \/><span style=\"color: #7a7a7a; font-family: Roboto; font-size: 12pt;\"><strong>CELLO Y PIANO<\/strong><\/span><br \/><span style=\"color: #7a7a7a; font-family: Roboto; font-size: 12pt;\">con Estelle Revaz<\/span><br \/><span style=\"color: #7a7a7a; font-family: Roboto; font-size: 12pt;\">Programa: \u00abInspiration populaire\u00bb<\/span><br \/><span style=\"color: #7a7a7a; font-family: Roboto; font-size: 12pt;\">Schumann, De Falla, Ginastera y Popper<\/span><\/p>\n\t\t\t\t\t\t\t\t<\/div>\n\t\t\t\t<\/div>\n\t\t\t\t<div class=\"elementor-element elementor-element-5e7b5a7 elementor-widget elementor-widget-image\" data-id=\"5e7b5a7\" data-element_type=\"widget\" data-e-type=\"widget\" data-widget_type=\"image.default\">\n\t\t\t\t<div class=\"elementor-widget-container\">\n\t\t\t\t\t\t\t\t\t\t\t\t\t\t\t<img decoding=\"async\" src=\"https:\/\/www.anaiscrestin.com\/wp-content\/uploads\/2019\/12\/anais_concert.jpg\" title=\"\" alt=\"\" loading=\"lazy\" \/>\t\t\t\t\t\t\t\t\t\t\t\t\t\t\t<\/div>\n\t\t\t\t<\/div>\n\t\t\t\t\t<\/div>\n\t\t<\/div>\n\t\t\t\t<div class=\"elementor-column elementor-col-50 elementor-inner-column elementor-element elementor-element-618be95\" data-id=\"618be95\" data-element_type=\"column\" data-e-type=\"column\">\n\t\t\t<div class=\"elementor-widget-wrap elementor-element-populated\">\n\t\t\t\t\t\t<div class=\"elementor-element elementor-element-191ee84 elementor-widget elementor-widget-text-editor\" data-id=\"191ee84\" data-element_type=\"widget\" data-e-type=\"widget\" data-settings=\"{&quot;_animation&quot;:&quot;none&quot;}\" data-widget_type=\"text-editor.default\">\n\t\t\t\t<div class=\"elementor-widget-container\">\n\t\t\t\t\t\t\t\t\t<div id=\"concert\">\n<p><\/p>\n<p style=\"color: #388b8b;\"><span style=\"font-family: Roboto; font-size: 12pt;\">1.08.19 BUENOS AIRES<br \/><span style=\"color: #7a7a7a;\">Casa de la Cultura, Sal\u00f3n Dorado<\/span><\/span><br \/><span style=\"color: #7a7a7a; font-family: Roboto; font-size: 12pt;\"><strong>SOLO DE PIANO<\/strong><\/span><br \/><span style=\"color: #7a7a7a; font-family: Roboto; font-size: 12pt;\">Obras de Norma Lado<\/span><br \/><span style=\"color: #7a7a7a; font-family: Roboto; font-size: 12pt;\">Concierto organizado por CUDA: Compositores Unidos de la Argentina<\/span><\/p>\n<p><span style=\"font-family: Roboto; font-size: 12pt;\"><\/span><\/p>\n<p style=\"color: #388b8b;\"><span style=\"font-family: Roboto; font-size: 12pt;\">7.08.19 BUENOS AIRES<\/span><br \/><span style=\"color: #7a7a7a; font-family: Roboto; font-size: 12pt;\">Museo de Arte hispanoamericano Isaac Fernandez Blanco<\/span><br \/><span style=\"color: #7a7a7a; font-family: Roboto; font-size: 12pt;\"><strong>VIOLIN Y PIANO<\/strong><\/span><br \/><span style=\"color: #7a7a7a; font-family: Roboto; font-size: 12pt;\">con John Mc Grosso<\/span><br \/><span style=\"color: #7a7a7a; font-family: Roboto; font-size: 12pt;\">J.S Bach, William Grant Still, Kim Portnoy, Cecil Burleigh, Eddie South y Johannes Brahms<\/span><br \/><span style=\"font-family: Roboto; font-size: 12pt;\"><a href=\"https:\/\/www.facebook.com\/museofernandezb\/\">INFO<\/a><\/span><\/p>\n<p><span style=\"font-family: Roboto; font-size: 12pt;\"><\/span><\/p>\n<p style=\"color: #388b8b;\"><span style=\"font-family: Roboto; font-size: 12pt;\">8.08.19 BUENOS AIRES<\/span><br \/><span style=\"color: #7a7a7a; font-family: Roboto; font-size: 12pt;\">La Scala de San Telmo, Giuffra 371<\/span><br \/><span style=\"color: #7a7a7a; font-family: Roboto; font-size: 12pt;\"><strong>VIOLIN Y PIANO<\/strong><\/span><br \/><span style=\"color: #7a7a7a; font-family: Roboto; font-size: 12pt;\">con John Mc Grosso<\/span><br \/><span style=\"color: #7a7a7a; font-family: Roboto; font-size: 12pt;\">J.S Bach, William Grant Still, Kim Portnoy, Cecil Burleigh, Eddie South y Johannes Brahms<\/span><\/p>\n<p><span style=\"font-family: Roboto; font-size: 12pt;\"><\/span><\/p>\n<p style=\"color: #388b8b;\"><span style=\"font-family: Roboto; font-size: 12pt;\">9.08.19 ROSARIO<\/span><br \/><span style=\"color: #7a7a7a; font-family: Roboto; font-size: 12pt;\">Teatro El Circulo de Rosario<\/span><br \/><span style=\"color: #7a7a7a; font-family: Roboto; font-size: 12pt;\"><strong>VIOLIN Y PIANO<\/strong><\/span><br \/><span style=\"color: #7a7a7a; font-family: Roboto; font-size: 12pt;\">con John Mc Grosso<\/span><br \/><span style=\"color: #7a7a7a; font-family: Roboto; font-size: 12pt;\">J.S Bach, William Grant Still, Kim Portnoy, Cecil Burleigh, Eddie South y Johannes Brahms<\/span><br \/><span style=\"color: #7a7a7a; font-family: Roboto; font-size: 12pt;\">Concierto organizado por Festival Permanente J.S Bach de Rosario<\/span><\/p>\n<p><span style=\"font-family: Roboto; font-size: 12pt;\"><\/span><\/p>\n<p style=\"color: #388b8b;\"><span style=\"font-family: Roboto; font-size: 12pt;\">6.10.19 BUENOS AIRES<\/span><br \/><span style=\"color: #7a7a7a; font-family: Roboto; font-size: 12pt;\">CCK, Sarmiento 151<\/span><br \/><span style=\"color: #7a7a7a; font-family: Roboto; font-size: 12pt;\"><strong>CELLO Y PIANO<\/strong><\/span><br \/><span style=\"color: #7a7a7a; font-family: Roboto; font-size: 12pt;\">con Estelle Revaz<\/span><br \/><span style=\"color: #7a7a7a; font-family: Roboto; font-size: 12pt;\">Debussy, Faur\u00e9, Ginastera y De Falla<\/span><br \/><span style=\"color: #7a7a7a; font-family: Roboto; font-size: 12pt;\">Concierto organizado por CCIFA: Festival VIVI FRANCIA<\/span><br \/><span style=\"font-family: Roboto; font-size: 12pt;\"><a href=\"http:\/\/vivifrancia.com.ar\/bsas\/musica-franco-argentina-para-violonchelo-y-piano\/\">MORE<\/a><\/span><\/p>\n<p><span style=\"font-family: Roboto; font-size: 12pt;\"><\/span><\/p>\n<p style=\"color: #388b8b;\"><span style=\"font-family: Roboto; font-size: 12pt;\">8.10.19 BUENOS AIRES<\/span><br \/><span style=\"color: #7a7a7a; font-family: Roboto; font-size: 12pt;\">Auditorio de la Fundaci\u00f3n Beethoven<\/span><br \/><span style=\"color: #7a7a7a; font-family: Roboto; font-size: 12pt;\"><strong>CELLO Y PIANO<\/strong><\/span><br \/><span style=\"color: #7a7a7a; font-family: Roboto; font-size: 12pt;\">con Estelle Revaz<\/span><br \/><span style=\"color: #7a7a7a; font-family: Roboto; font-size: 12pt;\">De Falla, Debussy, Ginastera y Popper<\/span><br \/><span style=\"color: #7a7a7a; font-family: Roboto; font-size: 12pt;\">Concierto auspiciado por la Embajada de Austria en Argentina<\/span><\/p>\n<p><span style=\"font-family: Roboto; font-size: 12pt;\"><\/span><\/p>\n<p style=\"color: #388b8b;\"><span style=\"font-family: Roboto; font-size: 12pt;\">9.10.19 BUENOS AIRES<\/span><br \/><span style=\"color: #7a7a7a; font-family: Roboto; font-size: 12pt;\">Sal\u00f3n Anasagasti del Jockey Club<\/span><br \/><span style=\"color: #7a7a7a; font-family: Roboto; font-size: 12pt;\"><strong>CELLO Y PIANO<\/strong><\/span><br \/><span style=\"color: #7a7a7a; font-family: Roboto; font-size: 12pt;\">con Estelle Revaz<\/span><br \/><span style=\"color: #7a7a7a; font-family: Roboto; font-size: 12pt;\">Debussy, Faur\u00e9, Ginastera y De Falla<\/span><br \/><span style=\"font-family: Roboto; font-size: 12pt;\"><a href=\"http:\/\/www.jockeyclub.org.ar\/JockeyNeWeb\/\">MORE<\/a><\/span><\/p>\n<p><span style=\"font-family: Roboto; font-size: 12pt;\"><\/span><\/p>\n<p style=\"color: #388b8b;\"><span style=\"font-family: Roboto; font-size: 12pt;\">10.10.19 BUENOS AIRES<\/span><br \/><span style=\"color: #7a7a7a; font-family: Roboto; font-size: 12pt;\">Auditorio Sal\u00f3n Posadas de Buenos Aires<\/span><br \/><span style=\"color: #7a7a7a; font-family: Roboto; font-size: 12pt;\">Colegio de Escribanos<\/span><br \/><span style=\"color: #7a7a7a; font-family: Roboto; font-size: 12pt;\"><strong>CELLO\u00a0 Y PIANO<\/strong><\/span><br \/><span style=\"color: #7a7a7a; font-family: Roboto; font-size: 12pt;\">con Estelle Revaz<\/span><br \/><span style=\"color: #7a7a7a; font-family: Roboto; font-size: 12pt;\">Programa: \u00abInspiration populaire\u00bb<\/span><br \/><span style=\"color: #7a7a7a; font-family: Roboto; font-size: 12pt;\">Schumann, De Falla, Ginastera y Popper<\/span><\/p>\n<p><span style=\"font-family: Roboto; font-size: 12pt;\"><\/span><\/p>\n<p style=\"color: #388b8b;\"><span style=\"font-family: Roboto; font-size: 12pt;\">9.11.19 PUNTA DEL ESTE<\/span><br \/><span style=\"color: #7a7a7a; font-family: Roboto; font-size: 12pt;\">Club del Lago<\/span><br \/><span style=\"color: #7a7a7a; font-family: Roboto; font-size: 12pt;\"><strong>DUO DE PIANO<\/strong><\/span><br \/><span style=\"color: #7a7a7a; font-family: Roboto; font-size: 12pt;\">con Dora De Marinis<\/span><br \/><span style=\"color: #7a7a7a; font-family: Roboto; font-size: 12pt;\">Mozart, Poulenc, Dvorak, Faur\u00e9 y Guastavino<\/span><br \/><span style=\"color: #7a7a7a; font-family: Roboto; font-size: 12pt;\">Concierto organizado por Conciertos del Este<\/span><br \/><span style=\"font-family: Roboto; font-size: 12pt;\"><a href=\"https:\/\/www.conciertosdeleste.org.uy\">MORE<\/a><\/span><\/p>\n<p><span style=\"font-family: Roboto; font-size: 12pt;\"><\/span><\/p>\n<p style=\"color: #388b8b;\"><span style=\"font-family: Roboto; font-size: 12pt;\">23.11.19 BUENOS AIRES<\/span><br \/><span style=\"color: #7a7a7a; font-family: Roboto; font-size: 12pt;\">Museo de Arte hispanoamericano Isaac Fernandez Blanco<\/span><br \/><span style=\"color: #7a7a7a; font-family: Roboto; font-size: 12pt;\"><strong>PIANO Y TEXTOS<\/strong><\/span><br \/><span style=\"color: #7a7a7a; font-family: Roboto; font-size: 12pt;\">con Vivian Lofiego<\/span><br \/><span style=\"color: #7a7a7a; font-family: Roboto; font-size: 12pt;\">Programa: \u00ab\u00a0Correspondances\u00a0\u00bb<\/span><br \/><span style=\"color: #7a7a7a; font-family: Roboto; font-size: 12pt;\">Concierto auspiciado por Reet\u00fcel Box y Sylvie Geronimi<\/span><br \/><span style=\"font-family: Roboto; font-size: 12pt;\"><a href=\"https:\/\/www.facebook.com\/museofernandezb\/\">MORE<\/a><\/span><\/p>\n<p><span style=\"font-family: Roboto; font-size: 12pt;\"><\/span><\/p>\n<p style=\"color: #388b8b;\"><span style=\"font-family: Roboto; font-size: 12pt;\">25.11.19 BUENOS AIRES<\/span><br \/><span style=\"color: #7a7a7a; font-family: Roboto; font-size: 12pt;\">Concierto privado<\/span><br \/><span style=\"color: #7a7a7a; font-family: Roboto; font-size: 12pt;\"><strong>PIANO Y TEXTOS<\/strong><\/span><br \/><span style=\"color: #7a7a7a; font-family: Roboto; font-size: 12pt;\">con Vivian Lofiego<\/span><br \/><span style=\"color: #7a7a7a; font-family: Roboto; font-size: 12pt;\">Programa: \u00ab\u00a0Correspondances\u00a0\u00bb<\/span><\/p>\n<p><span style=\"font-family: Roboto; font-size: 12pt;\"><\/span><\/p>\n<p style=\"color: #388b8b;\"><span style=\"font-family: Roboto; font-size: 12pt;\">29.11.19 BUENOS AIRES<\/span><br \/><span style=\"color: #7a7a7a; font-family: Roboto; font-size: 12pt;\">Auditorio de la Fundaci\u00f3n Beethoven<\/span><br \/><span style=\"color: #7a7a7a; font-family: Roboto; font-size: 12pt;\"><strong>SOLO\u00a0 DE PIANO Y DUO DE PIANO<br \/><\/strong>con Ana Fau<\/span><br \/><span style=\"color: #7a7a7a; font-family: Roboto; font-size: 12pt;\">Rachmaninov, Tschaikovsky, Faur\u00e9, De Falla y Debussy<\/span><\/p>\n<p><span style=\"font-family: Roboto; font-size: 12pt;\"><\/span><\/p>\n<p style=\"color: #388b8b;\"><span style=\"font-family: Roboto; font-size: 12pt;\">30.11.19 BUENOS AIRES<\/span><br \/><span style=\"color: #7a7a7a; font-family: Roboto; font-size: 12pt;\">Biblioteca Nacional de Buenos Aires<\/span><br \/><span style=\"color: #7a7a7a; font-family: Roboto; font-size: 12pt;\"><strong>PIANO Y TEXTOS<\/strong><\/span><br \/><span style=\"color: #7a7a7a; font-family: Roboto; font-size: 12pt;\">con Vivian Lofiego<\/span><br \/><span style=\"color: #7a7a7a; font-family: Roboto; font-size: 12pt;\">Programa: \u00ab\u00a0Correspondances\u00a0\u00bb<\/span><br \/><span style=\"color: #7a7a7a; font-family: Roboto; font-size: 12pt;\">Concierto auspiciado por Reet\u00fcel Box and Sylvie Geronimi<\/span><\/p>\n<\/div>\t\t\t\t\t\t\t\t<\/div>\n\t\t\t\t<\/div>\n\t\t\t\t\t<\/div>\n\t\t<\/div>\n\t\t\t\t\t<\/div>\n\t\t<\/section>\n\t\t\t\t\t<\/div>\n\t\t<\/div>\n\t\t\t\t\t<\/div>\n\t\t<\/section>\n\t\t\t\t<\/div>\n\t\t","protected":false},"excerpt":{"rendered":"<p>17.03.19 BUENOS AIRESUsina del ArteDUO DE PIANOcon Dora De MarinisMozart, Dvorak, Debussy, Poulenc and Faur\u00e9INFO 31.03.19 BUENOS AIRESMuseo de Arte hispanoamericano Isaac Fernandez BlancoTRIO SVPcon Diego Nu\u00f1ez, Saxof\u00f3n y Julio Dominguez, ViolinFerk, Iturralde, Debussy y EychenneConcierto auspiciado por: Tow Especialistas en Vientoshttps:\/\/www.towsa.comINFO 11.04.19 PARAN\u00c1Teatro 3 de FebreroTRIO SVPcon Diego Nu\u00f1ez, saxof\u00f3n y Julio Dominguez, ViolinFerk, [&hellip;]<\/p>\n","protected":false},"author":1,"featured_media":0,"parent":0,"menu_order":0,"comment_status":"closed","ping_status":"closed","template":"","meta":{"footnotes":""},"class_list":["post-19073","page","type-page","status-publish","hentry","post"],"_links":{"self":[{"href":"https:\/\/www.anaiscrestin.com\/es\/wp-json\/wp\/v2\/pages\/19073","targetHints":{"allow":["GET"]}}],"collection":[{"href":"https:\/\/www.anaiscrestin.com\/es\/wp-json\/wp\/v2\/pages"}],"about":[{"href":"https:\/\/www.anaiscrestin.com\/es\/wp-json\/wp\/v2\/types\/page"}],"author":[{"embeddable":true,"href":"https:\/\/www.anaiscrestin.com\/es\/wp-json\/wp\/v2\/users\/1"}],"replies":[{"embeddable":true,"href":"https:\/\/www.anaiscrestin.com\/es\/wp-json\/wp\/v2\/comments?post=19073"}],"version-history":[{"count":25,"href":"https:\/\/www.anaiscrestin.com\/es\/wp-json\/wp\/v2\/pages\/19073\/revisions"}],"predecessor-version":[{"id":19466,"href":"https:\/\/www.anaiscrestin.com\/es\/wp-json\/wp\/v2\/pages\/19073\/revisions\/19466"}],"wp:attachment":[{"href":"https:\/\/www.anaiscrestin.com\/es\/wp-json\/wp\/v2\/media?parent=19073"}],"curies":[{"name":"wp","href":"https:\/\/api.w.org\/{rel}","templated":true}]}}