{"id":19077,"date":"2019-11-28T12:45:38","date_gmt":"2019-11-28T15:45:38","guid":{"rendered":"https:\/\/www.anaiscrestin.com\/es\/?page_id=19077"},"modified":"2020-02-21T19:11:41","modified_gmt":"2020-02-21T22:11:41","slug":"discografia","status":"publish","type":"page","link":"https:\/\/www.anaiscrestin.com\/es\/discografia\/","title":{"rendered":"Discografia"},"content":{"rendered":"\t\t<div data-elementor-type=\"wp-page\" data-elementor-id=\"19077\" class=\"elementor elementor-19077\">\n\t\t\t\t\t\t<section class=\"elementor-section elementor-top-section elementor-element elementor-element-bb1148a elementor-section-boxed elementor-section-height-default elementor-section-height-default\" data-id=\"bb1148a\" data-element_type=\"section\" data-e-type=\"section\" data-settings=\"{&quot;animation&quot;:&quot;none&quot;}\">\n\t\t\t\t\t\t<div class=\"elementor-container elementor-column-gap-default\">\n\t\t\t\t\t<div class=\"elementor-column elementor-col-100 elementor-top-column elementor-element elementor-element-65d6972\" data-id=\"65d6972\" data-element_type=\"column\" data-e-type=\"column\">\n\t\t\t<div class=\"elementor-widget-wrap elementor-element-populated\">\n\t\t\t\t\t\t<section class=\"elementor-section elementor-inner-section elementor-element elementor-element-d788621 elementor-section-boxed elementor-section-height-default elementor-section-height-default\" data-id=\"d788621\" data-element_type=\"section\" data-e-type=\"section\">\n\t\t\t\t\t\t<div class=\"elementor-container elementor-column-gap-default\">\n\t\t\t\t\t<div class=\"elementor-column elementor-col-50 elementor-inner-column elementor-element elementor-element-5f01ebd\" data-id=\"5f01ebd\" data-element_type=\"column\" data-e-type=\"column\">\n\t\t\t<div class=\"elementor-widget-wrap elementor-element-populated\">\n\t\t\t\t\t\t<div class=\"elementor-element elementor-element-5548e63 elementor-widget elementor-widget-text-editor\" data-id=\"5548e63\" data-element_type=\"widget\" data-e-type=\"widget\" data-settings=\"{&quot;_animation&quot;:&quot;none&quot;}\" data-widget_type=\"text-editor.default\">\n\t\t\t\t<div class=\"elementor-widget-container\">\n\t\t\t\t\t\t\t\t\t<p>En 2021 grabar\u00e1 un CD junto a la violoncelista Estelle Revaz. El CD saldr\u00e1 en el sello SONY solo m\u00fasica.\u00a0 El CD estar\u00e1 integrado de un original programa de m\u00fasica para ambos instrumentos. El tema que las conduce es la m\u00fasica de inspiraci\u00f3n popular. Entre ellas, las canciones populares espa\u00f1olas de Manuel de Falla; las obras folcl\u00f3ricas de Robert Schumann; los cuentos de Janacek y la Rapsodia H\u00fangara de Popper.<\/p><p>Cd \u201cBajo templado\u201d, grabado en 2018. M\u00fasica original para clarinete bajo y piano. Obras de Rasse, Eychenne, Tozzolla, Semler-Collery, Bozza.<br \/>Clarinete bajo: Sebasti\u00e1n Tozzolla, clarinetista solista de la Orquesta Filarm\u00f3nica de Buenos Aires.<\/p>\t\t\t\t\t\t\t\t<\/div>\n\t\t\t\t<\/div>\n\t\t\t\t\t<\/div>\n\t\t<\/div>\n\t\t\t\t<div class=\"elementor-column elementor-col-50 elementor-inner-column elementor-element elementor-element-139c433\" data-id=\"139c433\" data-element_type=\"column\" data-e-type=\"column\">\n\t\t\t<div class=\"elementor-widget-wrap elementor-element-populated\">\n\t\t\t\t\t\t<div class=\"elementor-element elementor-element-56a6a22 elementor-widget elementor-widget-video\" data-id=\"56a6a22\" data-element_type=\"widget\" data-e-type=\"widget\" data-settings=\"{&quot;youtube_url&quot;:&quot;https:\\\/\\\/youtu.be\\\/mX081xdsSXo&quot;,&quot;video_type&quot;:&quot;youtube&quot;,&quot;controls&quot;:&quot;yes&quot;}\" data-widget_type=\"video.default\">\n\t\t\t\t<div class=\"elementor-widget-container\">\n\t\t\t\t\t\t\t<div class=\"elementor-wrapper elementor-open-inline\">\n\t\t\t<div class=\"elementor-video\"><\/div>\t\t<\/div>\n\t\t\t\t\t\t<\/div>\n\t\t\t\t<\/div>\n\t\t\t\t\t<\/div>\n\t\t<\/div>\n\t\t\t\t\t<\/div>\n\t\t<\/section>\n\t\t\t\t\t<\/div>\n\t\t<\/div>\n\t\t\t\t\t<\/div>\n\t\t<\/section>\n\t\t\t\t<\/div>\n\t\t","protected":false},"excerpt":{"rendered":"<p>En 2021 grabar\u00e1 un CD junto a la violoncelista Estelle Revaz. El CD saldr\u00e1 en el sello SONY solo m\u00fasica.\u00a0 El CD estar\u00e1 integrado de un original programa de m\u00fasica para ambos instrumentos. El tema que las conduce es la m\u00fasica de inspiraci\u00f3n popular. Entre ellas, las canciones populares espa\u00f1olas de Manuel de Falla; las [&hellip;]<\/p>\n","protected":false},"author":1,"featured_media":0,"parent":0,"menu_order":0,"comment_status":"closed","ping_status":"closed","template":"","meta":{"footnotes":""},"class_list":["post-19077","page","type-page","status-publish","hentry","post"],"_links":{"self":[{"href":"https:\/\/www.anaiscrestin.com\/es\/wp-json\/wp\/v2\/pages\/19077","targetHints":{"allow":["GET"]}}],"collection":[{"href":"https:\/\/www.anaiscrestin.com\/es\/wp-json\/wp\/v2\/pages"}],"about":[{"href":"https:\/\/www.anaiscrestin.com\/es\/wp-json\/wp\/v2\/types\/page"}],"author":[{"embeddable":true,"href":"https:\/\/www.anaiscrestin.com\/es\/wp-json\/wp\/v2\/users\/1"}],"replies":[{"embeddable":true,"href":"https:\/\/www.anaiscrestin.com\/es\/wp-json\/wp\/v2\/comments?post=19077"}],"version-history":[{"count":6,"href":"https:\/\/www.anaiscrestin.com\/es\/wp-json\/wp\/v2\/pages\/19077\/revisions"}],"predecessor-version":[{"id":19455,"href":"https:\/\/www.anaiscrestin.com\/es\/wp-json\/wp\/v2\/pages\/19077\/revisions\/19455"}],"wp:attachment":[{"href":"https:\/\/www.anaiscrestin.com\/es\/wp-json\/wp\/v2\/media?parent=19077"}],"curies":[{"name":"wp","href":"https:\/\/api.w.org\/{rel}","templated":true}]}}