{"id":19078,"date":"2019-11-28T12:45:39","date_gmt":"2019-11-28T15:45:39","guid":{"rendered":"https:\/\/www.anaiscrestin.com\/es\/?page_id=19078"},"modified":"2020-02-08T11:03:37","modified_gmt":"2020-02-08T14:03:37","slug":"musica-camara","status":"publish","type":"page","link":"https:\/\/www.anaiscrestin.com\/es\/musica-camara\/","title":{"rendered":"Musica de Camara"},"content":{"rendered":"<p>Ana\u00efs Crestin es especialista en m\u00fasica de c\u00e1mara. Con sus cualidades de escucha y flexibilidad ha creado m\u00faltiples conciertos con diferentes m\u00fasicos en estos \u00faltimos a\u00f1os.<\/p>\n<p>Acompa\u00f1ada\u00a0 en sus giras por Am\u00e9rica Latina junto a artistas de calidad internacional, como: Oph\u00e9lie Gaillard con su violoncelo. A Julien Szulman con su viol\u00edn. Claude Delangle con su saxo. Ronald van Spaendonck y su clarinete. Con la soprano Sophie Klussmann. Junto a John Grosso y su viol\u00edn.<\/p>\n<p>En sus d\u00faos musicales se destacan :<\/p>\n<p>D\u00fao violoncelo y piano con Mat\u00edas Villafa\u00f1e, con quien ejecutan un programa de m\u00fasica franco argentina, entre otros.<\/p>\n<p>D\u00fao violoncelo y piano con Estelle Revaz, con quien ejecuta un programa de inspiraci\u00f3n de m\u00fasica popular, denominado: <em>Inspiration populaire <\/em>, con obras de Manuel de Falla, Leos Janacek, Robert Schumann, David Popper y Alberto Ginastera.<\/p>\n<p><a href=\"https:\/\/www.estellerevaz.com\">https:\/\/www.estellerevaz.com<\/a><\/p>\n<p>D\u00fao de piano junto a la pianista argentina de larga trayectoria, Dora Marinis.<\/p>\n<p><a href=\"http:\/\/www.dorademarinis.com\">http:\/\/www.dorademarinis.com<\/a><\/p>\n<p>Trio SVP, saxo, viol\u00edn y piano. Esta agrupaci\u00f3n de m\u00fasicos es original ya que es poco frecuente. Preparan estrenos latinoamericanos.<\/p>\n<p>Toc\u00f3 con el Cuarteto Gianneo. Cuarteto de cuerdas de Argentina. Recibieron en el 2019 la distinci\u00f3n del Konex de platino.<\/p>\n","protected":false},"excerpt":{"rendered":"<p>Ana\u00efs Crestin es especialista en m\u00fasica de c\u00e1mara. Con sus cualidades de escucha y flexibilidad ha creado m\u00faltiples conciertos con diferentes m\u00fasicos en estos \u00faltimos a\u00f1os. Acompa\u00f1ada\u00a0 en sus giras por Am\u00e9rica Latina junto a artistas de calidad internacional, como: Oph\u00e9lie Gaillard con su violoncelo. A Julien Szulman con su viol\u00edn. Claude Delangle con su [&hellip;]<\/p>\n","protected":false},"author":1,"featured_media":0,"parent":0,"menu_order":0,"comment_status":"closed","ping_status":"closed","template":"","meta":{"footnotes":""},"class_list":["post-19078","page","type-page","status-publish","hentry","post"],"_links":{"self":[{"href":"https:\/\/www.anaiscrestin.com\/es\/wp-json\/wp\/v2\/pages\/19078","targetHints":{"allow":["GET"]}}],"collection":[{"href":"https:\/\/www.anaiscrestin.com\/es\/wp-json\/wp\/v2\/pages"}],"about":[{"href":"https:\/\/www.anaiscrestin.com\/es\/wp-json\/wp\/v2\/types\/page"}],"author":[{"embeddable":true,"href":"https:\/\/www.anaiscrestin.com\/es\/wp-json\/wp\/v2\/users\/1"}],"replies":[{"embeddable":true,"href":"https:\/\/www.anaiscrestin.com\/es\/wp-json\/wp\/v2\/comments?post=19078"}],"version-history":[{"count":3,"href":"https:\/\/www.anaiscrestin.com\/es\/wp-json\/wp\/v2\/pages\/19078\/revisions"}],"predecessor-version":[{"id":19359,"href":"https:\/\/www.anaiscrestin.com\/es\/wp-json\/wp\/v2\/pages\/19078\/revisions\/19359"}],"wp:attachment":[{"href":"https:\/\/www.anaiscrestin.com\/es\/wp-json\/wp\/v2\/media?parent=19078"}],"curies":[{"name":"wp","href":"https:\/\/api.w.org\/{rel}","templated":true}]}}