{"id":19079,"date":"2019-11-28T12:45:39","date_gmt":"2019-11-28T15:45:39","guid":{"rendered":"https:\/\/www.anaiscrestin.com\/es\/?page_id=19079"},"modified":"2020-02-08T11:03:37","modified_gmt":"2020-02-08T14:03:37","slug":"pedagogia","status":"publish","type":"page","link":"https:\/\/www.anaiscrestin.com\/es\/pedagogia\/","title":{"rendered":"Pedagogia"},"content":{"rendered":"<p>Ana\u00efs Crestin tiene un profundo amor por la m\u00fasica y es una apasionada de la ense\u00f1anza. Ama transmitir su saber. Prosigue lo aprendido a trav\u00e9s de sus maestros, los profesores Aniko Szegedi, Jean-Claude Henriot y Jean- Efflam Bavouzet. Ellos le transmitieron la t\u00e9cnica de la escuela de piano francesa de Pierre Sancan y la h\u00fangara de Gyorgy Sebok.<\/p>\n<p>Obtuvo un diploma de pedagog\u00eda en la Universidad de la M\u00fasica, en Detmold, Alemania.<\/p>\n<p>Su pasi\u00f3n por la ense\u00f1anza del piano y de la m\u00fasica de c\u00e1mara es trascendente\u00a0 en su trayectoria. Prepara activamente a sus estudiantes, apoy\u00e1ndoles patol\u00f3gicamente a atravesar las pruebas, y los acompa\u00f1a en los concursos de piano y de instrumentos.<\/p>\n<p>En varias ocasiones ha sido miembro de jurado de concursos.<\/p>\n<p>Ha dado masterclass de m\u00fasica francesa, especialmente sobre Debussy.<\/p>\n","protected":false},"excerpt":{"rendered":"<p>Ana\u00efs Crestin tiene un profundo amor por la m\u00fasica y es una apasionada de la ense\u00f1anza. Ama transmitir su saber. Prosigue lo aprendido a trav\u00e9s de sus maestros, los profesores Aniko Szegedi, Jean-Claude Henriot y Jean- Efflam Bavouzet. Ellos le transmitieron la t\u00e9cnica de la escuela de piano francesa de Pierre Sancan y la h\u00fangara [&hellip;]<\/p>\n","protected":false},"author":1,"featured_media":0,"parent":0,"menu_order":0,"comment_status":"closed","ping_status":"closed","template":"","meta":{"footnotes":""},"class_list":["post-19079","page","type-page","status-publish","hentry","post"],"_links":{"self":[{"href":"https:\/\/www.anaiscrestin.com\/es\/wp-json\/wp\/v2\/pages\/19079","targetHints":{"allow":["GET"]}}],"collection":[{"href":"https:\/\/www.anaiscrestin.com\/es\/wp-json\/wp\/v2\/pages"}],"about":[{"href":"https:\/\/www.anaiscrestin.com\/es\/wp-json\/wp\/v2\/types\/page"}],"author":[{"embeddable":true,"href":"https:\/\/www.anaiscrestin.com\/es\/wp-json\/wp\/v2\/users\/1"}],"replies":[{"embeddable":true,"href":"https:\/\/www.anaiscrestin.com\/es\/wp-json\/wp\/v2\/comments?post=19079"}],"version-history":[{"count":4,"href":"https:\/\/www.anaiscrestin.com\/es\/wp-json\/wp\/v2\/pages\/19079\/revisions"}],"predecessor-version":[{"id":19366,"href":"https:\/\/www.anaiscrestin.com\/es\/wp-json\/wp\/v2\/pages\/19079\/revisions\/19366"}],"wp:attachment":[{"href":"https:\/\/www.anaiscrestin.com\/es\/wp-json\/wp\/v2\/media?parent=19079"}],"curies":[{"name":"wp","href":"https:\/\/api.w.org\/{rel}","templated":true}]}}