{"id":19080,"date":"2019-11-28T12:45:39","date_gmt":"2019-11-28T15:45:39","guid":{"rendered":"https:\/\/www.anaiscrestin.com\/es\/?page_id=19080"},"modified":"2020-02-08T11:03:37","modified_gmt":"2020-02-08T14:03:37","slug":"musica%c2%a7arte","status":"publish","type":"page","link":"https:\/\/www.anaiscrestin.com\/es\/musica%c2%a7arte\/","title":{"rendered":"Musica&#038;arte"},"content":{"rendered":"<p><em>Correspondances<\/em>.<br \/>\nD\u00fao de palabras y m\u00fasica. Junto a la actriz y escritora, Vivian Lofiego. Ambas artistas unen con m\u00fasica y palabras dos pa\u00edses, Francia y Argentina, a trav\u00e9s de sus autores y compositores.<\/p>\n<p>Se presentaron en: el Museo Fern\u00e1ndez Blanco y la Biblioteca Nacional Argentina en el mes de noviembre 2019.<br \/>\nEst\u00e1 previsto el d\u00fao en el Festival de m\u00fasica en el Faro, Uruguay, 2020. En el Festival de la Francofon\u00eda, \u201cAlianza Francesa\u201d. \u201cAl Escenario\u201d, \u201cViv\u00ed Francia\u201d, Colegio de Escribanos de Buenos Aires.<\/p>\n","protected":false},"excerpt":{"rendered":"<p>Correspondances. D\u00fao de palabras y m\u00fasica. Junto a la actriz y escritora, Vivian Lofiego. Ambas artistas unen con m\u00fasica y palabras dos pa\u00edses, Francia y Argentina, a trav\u00e9s de sus autores y compositores. Se presentaron en: el Museo Fern\u00e1ndez Blanco y la Biblioteca Nacional Argentina en el mes de noviembre 2019. Est\u00e1 previsto el d\u00fao [&hellip;]<\/p>\n","protected":false},"author":1,"featured_media":0,"parent":0,"menu_order":0,"comment_status":"closed","ping_status":"closed","template":"","meta":{"footnotes":""},"class_list":["post-19080","page","type-page","status-publish","hentry","post"],"_links":{"self":[{"href":"https:\/\/www.anaiscrestin.com\/es\/wp-json\/wp\/v2\/pages\/19080","targetHints":{"allow":["GET"]}}],"collection":[{"href":"https:\/\/www.anaiscrestin.com\/es\/wp-json\/wp\/v2\/pages"}],"about":[{"href":"https:\/\/www.anaiscrestin.com\/es\/wp-json\/wp\/v2\/types\/page"}],"author":[{"embeddable":true,"href":"https:\/\/www.anaiscrestin.com\/es\/wp-json\/wp\/v2\/users\/1"}],"replies":[{"embeddable":true,"href":"https:\/\/www.anaiscrestin.com\/es\/wp-json\/wp\/v2\/comments?post=19080"}],"version-history":[{"count":3,"href":"https:\/\/www.anaiscrestin.com\/es\/wp-json\/wp\/v2\/pages\/19080\/revisions"}],"predecessor-version":[{"id":19361,"href":"https:\/\/www.anaiscrestin.com\/es\/wp-json\/wp\/v2\/pages\/19080\/revisions\/19361"}],"wp:attachment":[{"href":"https:\/\/www.anaiscrestin.com\/es\/wp-json\/wp\/v2\/media?parent=19080"}],"curies":[{"name":"wp","href":"https:\/\/api.w.org\/{rel}","templated":true}]}}